{"id":53,"date":"2024-03-10T16:59:50","date_gmt":"2024-03-10T16:59:50","guid":{"rendered":"https:\/\/wiolapawliknowacka.pl\/?page_id=53"},"modified":"2024-04-23T08:39:38","modified_gmt":"2024-04-23T08:39:38","slug":"rodzinnie","status":"publish","type":"page","link":"https:\/\/wiolapawliknowacka.pl\/index.php\/rodzinnie\/","title":{"rendered":"Rodzinnie"},"content":{"rendered":"\t\t<div data-elementor-type=\"wp-page\" data-elementor-id=\"53\" class=\"elementor elementor-53\">\n\t\t\t\t\t\t<section class=\"elementor-section elementor-top-section elementor-element elementor-element-23c31261 elementor-section-height-min-height elementor-section-boxed elementor-section-height-default elementor-section-items-middle\" data-id=\"23c31261\" data-element_type=\"section\" data-settings=\"{&quot;background_background&quot;:&quot;classic&quot;}\">\n\t\t\t\t\t\t\t<div class=\"elementor-background-overlay\"><\/div>\n\t\t\t\t\t\t\t<div class=\"elementor-container elementor-column-gap-default\">\n\t\t\t\t\t<div class=\"elementor-column elementor-col-100 elementor-top-column elementor-element elementor-element-6c0619aa\" data-id=\"6c0619aa\" data-element_type=\"column\">\n\t\t\t<div class=\"elementor-widget-wrap elementor-element-populated\">\n\t\t\t\t\t\t<div class=\"elementor-element elementor-element-40796d60 elementor-widget elementor-widget-heading\" data-id=\"40796d60\" data-element_type=\"widget\" data-widget_type=\"heading.default\">\n\t\t\t\t<div class=\"elementor-widget-container\">\n\t\t\t\t\t<h2 class=\"elementor-heading-title elementor-size-default\">Rodzinnie<\/h2>\t\t\t\t<\/div>\n\t\t\t\t<\/div>\n\t\t\t\t<section class=\"elementor-section elementor-inner-section elementor-element elementor-element-52d73ef elementor-section-boxed elementor-section-height-default elementor-section-height-default\" data-id=\"52d73ef\" data-element_type=\"section\">\n\t\t\t\t\t\t<div class=\"elementor-container elementor-column-gap-default\">\n\t\t\t\t\t<div class=\"elementor-column elementor-col-50 elementor-inner-column elementor-element elementor-element-7c7e48f1\" data-id=\"7c7e48f1\" data-element_type=\"column\">\n\t\t\t<div class=\"elementor-widget-wrap elementor-element-populated\">\n\t\t\t\t\t\t<div class=\"elementor-element elementor-element-f1f1519 elementor-widget elementor-widget-image\" data-id=\"f1f1519\" data-element_type=\"widget\" data-widget_type=\"image.default\">\n\t\t\t\t<div class=\"elementor-widget-container\">\n\t\t\t\t\t\t\t\t\t\t\t\t\t\t\t<img fetchpriority=\"high\" decoding=\"async\" width=\"800\" height=\"600\" src=\"https:\/\/wiolapawliknowacka.pl\/wp-content\/uploads\/2024\/03\/423735701_388592634110857_1798119108749155616_n-1024x768.jpg\" class=\"elementor-animation-hang attachment-large size-large wp-image-166\" alt=\"\" srcset=\"https:\/\/wiolapawliknowacka.pl\/wp-content\/uploads\/2024\/03\/423735701_388592634110857_1798119108749155616_n-1024x768.jpg 1024w, https:\/\/wiolapawliknowacka.pl\/wp-content\/uploads\/2024\/03\/423735701_388592634110857_1798119108749155616_n-300x225.jpg 300w, https:\/\/wiolapawliknowacka.pl\/wp-content\/uploads\/2024\/03\/423735701_388592634110857_1798119108749155616_n-768x576.jpg 768w, https:\/\/wiolapawliknowacka.pl\/wp-content\/uploads\/2024\/03\/423735701_388592634110857_1798119108749155616_n-1536x1152.jpg 1536w, https:\/\/wiolapawliknowacka.pl\/wp-content\/uploads\/2024\/03\/423735701_388592634110857_1798119108749155616_n.jpg 2048w\" sizes=\"(max-width: 800px) 100vw, 800px\" \/>\t\t\t\t\t\t\t\t\t\t\t\t\t\t\t<\/div>\n\t\t\t\t<\/div>\n\t\t\t\t\t<\/div>\n\t\t<\/div>\n\t\t\t\t<div class=\"elementor-column elementor-col-50 elementor-inner-column elementor-element elementor-element-43eb116d\" data-id=\"43eb116d\" data-element_type=\"column\" data-settings=\"{&quot;background_background&quot;:&quot;classic&quot;}\">\n\t\t\t<div class=\"elementor-widget-wrap elementor-element-populated\">\n\t\t\t\t\t\t<div class=\"elementor-element elementor-element-6bf5c2e8 elementor-widget elementor-widget-heading\" data-id=\"6bf5c2e8\" data-element_type=\"widget\" data-widget_type=\"heading.default\">\n\t\t\t\t<div class=\"elementor-widget-container\">\n\t\t\t\t\t<h3 class=\"elementor-heading-title elementor-size-default\">Moja opowie\u015b\u0107...<\/h3>\t\t\t\t<\/div>\n\t\t\t\t<\/div>\n\t\t\t\t<div class=\"elementor-element elementor-element-67fb81ff elementor-widget elementor-widget-text-editor\" data-id=\"67fb81ff\" data-element_type=\"widget\" data-widget_type=\"text-editor.default\">\n\t\t\t\t<div class=\"elementor-widget-container\">\n\t\t\t\t\t\t\t\t\t<p align=\"JUSTIFY\"><span style=\"font-family: Arial, sans-serif;\"><span style=\"font-size: small;\">Mieszkam obecnie w patchworkowej rodzinie we wsi Oko\u0142owice, kt\u00f3ra graniczy bezpo\u015brednio z \u0141odzi\u0105 wsp\u00f3lnie z moim partnerem Leszkiem, nasz\u0105 wsp\u00f3ln\u0105 c\u00f3rk\u0105 Marysi\u0105, c\u00f3rk\u0105 partnera Lidk\u0105 oraz 2 kotami i 2 psami. <\/span><\/span><\/p>\t\t\t\t\t\t\t\t<\/div>\n\t\t\t\t<\/div>\n\t\t\t\t\t<\/div>\n\t\t<\/div>\n\t\t\t\t\t<\/div>\n\t\t<\/section>\n\t\t\t\t<section class=\"elementor-section elementor-inner-section elementor-element elementor-element-1980a446 elementor-reverse-mobile elementor-section-boxed elementor-section-height-default elementor-section-height-default\" data-id=\"1980a446\" data-element_type=\"section\">\n\t\t\t\t\t\t<div class=\"elementor-container elementor-column-gap-default\">\n\t\t\t\t\t<div class=\"elementor-column elementor-col-50 elementor-inner-column elementor-element elementor-element-51f5f28d\" data-id=\"51f5f28d\" data-element_type=\"column\" data-settings=\"{&quot;background_background&quot;:&quot;classic&quot;}\">\n\t\t\t<div class=\"elementor-widget-wrap elementor-element-populated\">\n\t\t\t\t\t\t<div class=\"elementor-element elementor-element-164517df elementor-widget elementor-widget-text-editor\" data-id=\"164517df\" data-element_type=\"widget\" data-widget_type=\"text-editor.default\">\n\t\t\t\t<div class=\"elementor-widget-container\">\n\t\t\t\t\t\t\t\t\t<p align=\"JUSTIFY\"><span style=\"font-family: Arial, sans-serif;\"><span style=\"font-size: small;\">Urodzi\u0142am si\u0119 na starym \u015ar\u00f3dmie\u015bciu w \u0141odzi, okolice placu D\u0105browskiego. Tam te\u017c mieszka\u0142am z rodzicami i bratem Robertem do uko\u0144czenia Szko\u0142y Podstawowej nr 1 im. Adama Mickiewicza. Po uko\u0144czeniu klasy 8 przeprowadzili\u015bmy si\u0119 na stare Ba\u0142uty, gdzie mieszka\u0142am do momentu przeprowadzki do Oko\u0142owic. Jestem absolwentk\u0105 I Liceum Og\u00f3lnokszta\u0142c\u0105cego im. Miko\u0142aja Kopernika. Uko\u0144czy\u0142am gospodarcze stosunki mi\u0119dzynarodowe na Uniwersytecie \u0141\u00f3dzkim oraz zrobi\u0142am drugi fakultet na menad\u017cera organizacji pozarz\u0105dowej, r\u00f3wnie\u017c na U\u0141. W czasie liceum trenowa\u0142am taniec towarzyski a w czasie studi\u00f3w by\u0142am instruktorem fitness i ta\u0144ca. Podj\u0119\u0142am r\u00f3wnie\u017c nauk\u0119 na technika weterynarii oraz ratownika medycznego. Uko\u0144czy\u0142am szkolenie z pierwszej pomocy organizowane przez WO\u015aP a co za tym idzie by\u0142am cz\u0142onkiem Pokojowego Patrolu podczas Woodstock 2008. Uko\u0144czy\u0142am kilkana\u015bcie kurs\u00f3w i szkole\u0144, w tym z wyst\u0105pie\u0144 publicznych, obs\u0142ugi organizacji czy finansowych. Od kwietnia 2024 mediatorka.<\/span><\/span><\/p>\n<p align=\"JUSTIFY\"><span style=\"font-family: Arial, sans-serif;\"><span style=\"font-size: small;\">Jestem nerdem, kt\u00f3ry lubi si\u0119 uczy\u0107 i poszerza\u0107 horyzonty. Gra\u0142am w gry narracyjne RPG a moim ulubionym stylem muzycznym jest rock i metal, literacko gustuj\u0119 w tematyce fantasy.<\/span><\/span><\/p>\n<p align=\"JUSTIFY\">\n<\/p>\t\t\t\t\t\t\t\t<\/div>\n\t\t\t\t<\/div>\n\t\t\t\t<div class=\"elementor-element elementor-element-ddd5614 elementor-widget elementor-widget-text-editor\" data-id=\"ddd5614\" data-element_type=\"widget\" data-widget_type=\"text-editor.default\">\n\t\t\t\t<div class=\"elementor-widget-container\">\n\t\t\t\t\t\t\t\t\t<p align=\"JUSTIFY\"><span style=\"font-family: Arial, sans-serif;\"><span style=\"font-size: small;\">Jestem osob\u0105 wysoce wra\u017cliw\u0105 i empatyczn\u0105. Pierwszego zwierzaka uratowa\u0142am wsp\u00f3lnie z kole\u017cankami jak mia\u0142am z 12 lat&#8230;wyci\u0105ga\u0142am szczeniaka ze studni, kole\u017canki trzyma\u0142y mnie za nogi a ja g\u0142ow\u0105 w d\u00f3\u0142 si\u0119ga\u0142am psiaka. Natomiast moja droga dzia\u0142alno\u015bci spo\u0142ecznej rozpocz\u0119\u0142a si\u0119 w 2008 roku, gdy w moim \u017cyciu pojawi\u0142a si\u0119 Sasha, moja suczka rasy husky. Jest ze mn\u0105 od 16 lat i to jej pojawienie si\u0119 by\u0142o dla mnie motywacj\u0105 do obrania takiej drogi, ponadto nauczy\u0142a mnie odpowiedzialno\u015bci na drug\u0105 istot\u0119.<\/span><\/span><\/p><p align=\"JUSTIFY\"><span style=\"font-family: Arial, sans-serif;\"><span style=\"font-size: small;\">Tak wi\u0119c du\u017co si\u0119 uczy\u0142am, du\u017co r\u00f3\u017cnorodnych rzeczy robi\u0142am, ale to wynika g\u0142\u00f3wnie z ambicji i ciekawo\u015bci \u015bwiata&#8230;ja zwyczajnie nie lubi\u0119 m\u00f3wi\u0107 \u201enie wiem\u201d.<\/span><\/span><\/p><p align=\"JUSTIFY\"><span style=\"font-family: Arial, sans-serif;\"><span style=\"font-size: small;\">W nawi\u0105zaniu do rodziny, za kt\u00f3r\u0105 przys\u0142owiowo w ogie\u0144 skocz\u0119. Moja mama Ela obecnie jest na emeryturze i opiekuje si\u0119 babci\u0105 oraz pomaga mi z Marysi\u0105, jest dla mnie du\u017cym wsparciem. Tata Jurek zmar\u0142 pod koniec 2020 roku po ci\u0119\u017ckiej chorobie, z czym do tej pory nie mog\u0119 si\u0119 pogodzi\u0107. Tata by\u0142\/jest bardzo wa\u017cn\u0105 osob\u0105 dla mnie i jego \u015bmier\u0107 wiele zmieni\u0142a. Mam te\u017c m\u0142odszego brata Roberta, kt\u00f3ry prowadzi w\u0142asn\u0105 firm\u0119 i jest moim przeciwie\u0144stwem, ale i wsparciem.<\/span><\/span><\/p>\t\t\t\t\t\t\t\t<\/div>\n\t\t\t\t<\/div>\n\t\t\t\t\t<\/div>\n\t\t<\/div>\n\t\t\t\t<div class=\"elementor-column elementor-col-50 elementor-inner-column elementor-element elementor-element-19278a80\" data-id=\"19278a80\" data-element_type=\"column\">\n\t\t\t<div class=\"elementor-widget-wrap elementor-element-populated\">\n\t\t\t\t\t\t<div class=\"elementor-element elementor-element-64340c60 elementor-widget elementor-widget-image\" data-id=\"64340c60\" data-element_type=\"widget\" data-widget_type=\"image.default\">\n\t\t\t\t<div class=\"elementor-widget-container\">\n\t\t\t\t\t\t\t\t\t\t\t\t\t\t\t<img decoding=\"async\" width=\"732\" height=\"1024\" src=\"https:\/\/wiolapawliknowacka.pl\/wp-content\/uploads\/2024\/03\/423735646_726247385986719_7816802719269072013_n-732x1024.jpg\" class=\"elementor-animation-hang attachment-large size-large wp-image-167\" alt=\"\" srcset=\"https:\/\/wiolapawliknowacka.pl\/wp-content\/uploads\/2024\/03\/423735646_726247385986719_7816802719269072013_n-732x1024.jpg 732w, https:\/\/wiolapawliknowacka.pl\/wp-content\/uploads\/2024\/03\/423735646_726247385986719_7816802719269072013_n-215x300.jpg 215w, https:\/\/wiolapawliknowacka.pl\/wp-content\/uploads\/2024\/03\/423735646_726247385986719_7816802719269072013_n-768x1074.jpg 768w, https:\/\/wiolapawliknowacka.pl\/wp-content\/uploads\/2024\/03\/423735646_726247385986719_7816802719269072013_n-1099x1536.jpg 1099w, https:\/\/wiolapawliknowacka.pl\/wp-content\/uploads\/2024\/03\/423735646_726247385986719_7816802719269072013_n.jpg 1125w\" sizes=\"(max-width: 732px) 100vw, 732px\" \/>\t\t\t\t\t\t\t\t\t\t\t\t\t\t\t<\/div>\n\t\t\t\t<\/div>\n\t\t\t\t<div class=\"elementor-element elementor-element-9bf36a4 elementor-widget elementor-widget-image\" data-id=\"9bf36a4\" data-element_type=\"widget\" data-widget_type=\"image.default\">\n\t\t\t\t<div class=\"elementor-widget-container\">\n\t\t\t\t\t\t\t\t\t\t\t\t\t\t\t<img decoding=\"async\" width=\"800\" height=\"534\" src=\"https:\/\/wiolapawliknowacka.pl\/wp-content\/uploads\/2024\/03\/IMG_5227-1024x683.jpg\" class=\"elementor-animation-hang attachment-large size-large wp-image-218\" alt=\"\" srcset=\"https:\/\/wiolapawliknowacka.pl\/wp-content\/uploads\/2024\/03\/IMG_5227-1024x683.jpg 1024w, https:\/\/wiolapawliknowacka.pl\/wp-content\/uploads\/2024\/03\/IMG_5227-300x200.jpg 300w, https:\/\/wiolapawliknowacka.pl\/wp-content\/uploads\/2024\/03\/IMG_5227-768x512.jpg 768w, https:\/\/wiolapawliknowacka.pl\/wp-content\/uploads\/2024\/03\/IMG_5227-1536x1024.jpg 1536w, https:\/\/wiolapawliknowacka.pl\/wp-content\/uploads\/2024\/03\/IMG_5227-2048x1365.jpg 2048w\" sizes=\"(max-width: 800px) 100vw, 800px\" \/>\t\t\t\t\t\t\t\t\t\t\t\t\t\t\t<\/div>\n\t\t\t\t<\/div>\n\t\t\t\t<div class=\"elementor-element elementor-element-95e4375 elementor-widget elementor-widget-image\" data-id=\"95e4375\" data-element_type=\"widget\" data-widget_type=\"image.default\">\n\t\t\t\t<div class=\"elementor-widget-container\">\n\t\t\t\t\t\t\t\t\t\t\t\t\t\t\t<img loading=\"lazy\" decoding=\"async\" width=\"800\" height=\"534\" src=\"https:\/\/wiolapawliknowacka.pl\/wp-content\/uploads\/2024\/03\/GFD_0869r_p-1024x683.jpg\" class=\"elementor-animation-hang attachment-large size-large wp-image-238\" alt=\"\" srcset=\"https:\/\/wiolapawliknowacka.pl\/wp-content\/uploads\/2024\/03\/GFD_0869r_p-1024x683.jpg 1024w, https:\/\/wiolapawliknowacka.pl\/wp-content\/uploads\/2024\/03\/GFD_0869r_p-300x200.jpg 300w, https:\/\/wiolapawliknowacka.pl\/wp-content\/uploads\/2024\/03\/GFD_0869r_p-768x512.jpg 768w, https:\/\/wiolapawliknowacka.pl\/wp-content\/uploads\/2024\/03\/GFD_0869r_p-1536x1024.jpg 1536w, https:\/\/wiolapawliknowacka.pl\/wp-content\/uploads\/2024\/03\/GFD_0869r_p-2048x1366.jpg 2048w\" sizes=\"(max-width: 800px) 100vw, 800px\" \/>\t\t\t\t\t\t\t\t\t\t\t\t\t\t\t<\/div>\n\t\t\t\t<\/div>\n\t\t\t\t\t<\/div>\n\t\t<\/div>\n\t\t\t\t\t<\/div>\n\t\t<\/section>\n\t\t\t\t<section class=\"elementor-section elementor-inner-section elementor-element elementor-element-f9d7d34 elementor-reverse-mobile elementor-section-boxed elementor-section-height-default elementor-section-height-default\" data-id=\"f9d7d34\" data-element_type=\"section\">\n\t\t\t\t\t\t<div class=\"elementor-container elementor-column-gap-default\">\n\t\t\t\t\t<div class=\"elementor-column elementor-col-50 elementor-inner-column elementor-element elementor-element-5bdd407\" data-id=\"5bdd407\" data-element_type=\"column\">\n\t\t\t<div class=\"elementor-widget-wrap elementor-element-populated\">\n\t\t\t\t\t\t<div class=\"elementor-element elementor-element-6b0ff86 elementor-widget elementor-widget-image\" data-id=\"6b0ff86\" data-element_type=\"widget\" data-widget_type=\"image.default\">\n\t\t\t\t<div class=\"elementor-widget-container\">\n\t\t\t\t\t\t\t\t\t\t\t\t\t\t\t<img loading=\"lazy\" decoding=\"async\" width=\"571\" height=\"494\" src=\"https:\/\/wiolapawliknowacka.pl\/wp-content\/uploads\/2024\/03\/252461_215419788491642_1732911_n.jpg\" class=\"elementor-animation-hang attachment-large size-large wp-image-228\" alt=\"\" srcset=\"https:\/\/wiolapawliknowacka.pl\/wp-content\/uploads\/2024\/03\/252461_215419788491642_1732911_n.jpg 571w, https:\/\/wiolapawliknowacka.pl\/wp-content\/uploads\/2024\/03\/252461_215419788491642_1732911_n-300x260.jpg 300w\" sizes=\"(max-width: 571px) 100vw, 571px\" \/>\t\t\t\t\t\t\t\t\t\t\t\t\t\t\t<\/div>\n\t\t\t\t<\/div>\n\t\t\t\t\t<\/div>\n\t\t<\/div>\n\t\t\t\t<div class=\"elementor-column elementor-col-50 elementor-inner-column elementor-element elementor-element-42aa1e3\" data-id=\"42aa1e3\" data-element_type=\"column\" data-settings=\"{&quot;background_background&quot;:&quot;classic&quot;}\">\n\t\t\t<div class=\"elementor-widget-wrap elementor-element-populated\">\n\t\t\t\t\t\t<div class=\"elementor-element elementor-element-658c2fb elementor-widget elementor-widget-text-editor\" data-id=\"658c2fb\" data-element_type=\"widget\" data-widget_type=\"text-editor.default\">\n\t\t\t\t<div class=\"elementor-widget-container\">\n\t\t\t\t\t\t\t\t\t<p align=\"JUSTIFY\"><span style=\"font-family: Arial, sans-serif;\"><span style=\"font-size: small;\">Z moim partnerem Leszkiem jeste\u015bmy ju\u017c 8 lat, przy nim doros\u0142am do decyzji o macierzy\u0144stwie, o podj\u0119ciu tak ogromnej odpowiedzialno\u015bci za drugiego cz\u0142owieka. Nasz cud to w\u0142a\u015bnie Marysia, kt\u00f3r\u0105 kocham ponad w\u0142asne \u017cycie. Celowo napisa\u0142am cud, bo jak to w \u017cyciu bywa, nie oby\u0142o si\u0119 bez komplikacji. Do naszej rodziny do\u0142\u0105czy\u0142a Lidka, c\u00f3rka mojego partnera, kt\u00f3ra z nami mieszka.<\/span><\/span><\/p><p align=\"JUSTIFY\"><span style=\"font-family: Arial, sans-serif;\"><span style=\"font-size: small;\">W moim domu zawsze by\u0142o du\u017co zwierzak\u00f3w. Mieszkaj\u0105c z rodzicami mieli\u015bmy r\u00f3\u017cne gatunki gryzoni (chomiki, myszoskoczki, koszatniczki, szynszyle itp.), u babci na wsi oczywi\u015bcie psy i koty. Jak ju\u017c zamieszka\u0142am sama a p\u00f3\u017aniej z by\u0142ym m\u0119\u017cem opiekowali\u015bmy si\u0119 ro\u017cnymi egzotycznymi zwierzakami m.in. ptasznikami, w\u0119\u017cem, jaszczurkami czy \u017cabami. Z Leszkiem mieszka\u0142o z nami 5 kot\u00f3w i 4 psy, oczywi\u015bcie znaczna wi\u0119kszo\u015b\u0107 przygarni\u0119ta. Obecne zosta\u0142y tylko 2 koty i 2 suczki. Niestety w wyniku chor\u00f3b i wieku nasza mieszana rodzina si\u0119 pomniejszy\u0142a.<\/span><\/span><\/p>\t\t\t\t\t\t\t\t<\/div>\n\t\t\t\t<\/div>\n\t\t\t\t<div class=\"elementor-element elementor-element-04503a4 elementor-widget elementor-widget-text-editor\" data-id=\"04503a4\" data-element_type=\"widget\" data-widget_type=\"text-editor.default\">\n\t\t\t\t<div class=\"elementor-widget-container\">\n\t\t\t\t\t\t\t\t\t<p>Jestem typem domatora i lokalnego patrioty, kt\u00f3ry pracuje zawodowo a po pracy zajmuj\u0119 si\u0119 domem, rodzin\u0105 i wszystkimi dodatkowymi i spo\u0142ecznymi dzia\u0142aniami. Czasem \u017ca\u0142uje, \u017ce doba ma tylko 24 godziny. Ciesz\u0119 si\u0119 z czyjego\u015b szcz\u0119\u015bcia, p\u0142acz\u0119 nad nieszcz\u0119\u015bciem, a najbardziej boli mnie poczucie bezsilno\u015bci i niemocy, dlatego ca\u0142y czas szukam mo\u017cliwo\u015bci, aby m\u00f3c wi\u0119cej.<\/p>\t\t\t\t\t\t\t\t<\/div>\n\t\t\t\t<\/div>\n\t\t\t\t\t<\/div>\n\t\t<\/div>\n\t\t\t\t\t<\/div>\n\t\t<\/section>\n\t\t\t\t\t<\/div>\n\t\t<\/div>\n\t\t\t\t\t<\/div>\n\t\t<\/section>\n\t\t\t\t<\/div>\n\t\t","protected":false},"excerpt":{"rendered":"<p>Rodzinnie Moja opowie\u015b\u0107&#8230; Mieszkam obecnie w patchworkowej rodzinie we wsi Oko\u0142owice, kt\u00f3ra graniczy bezpo\u015brednio z \u0141odzi\u0105 wsp\u00f3lnie z moim partnerem Leszkiem, nasz\u0105 wsp\u00f3ln\u0105 c\u00f3rk\u0105 Marysi\u0105, c\u00f3rk\u0105 partnera Lidk\u0105 oraz 2 kotami i 2 psami. Urodzi\u0142am si\u0119 na starym \u015ar\u00f3dmie\u015bciu w \u0141odzi, okolice placu D\u0105browskiego. Tam te\u017c mieszka\u0142am z rodzicami i bratem Robertem do uko\u0144czenia Szko\u0142y [&hellip;]<\/p>\n","protected":false},"author":1,"featured_media":0,"parent":0,"menu_order":0,"comment_status":"closed","ping_status":"closed","template":"elementor_header_footer","meta":{"footnotes":""},"_links":{"self":[{"href":"https:\/\/wiolapawliknowacka.pl\/index.php\/wp-json\/wp\/v2\/pages\/53"}],"collection":[{"href":"https:\/\/wiolapawliknowacka.pl\/index.php\/wp-json\/wp\/v2\/pages"}],"about":[{"href":"https:\/\/wiolapawliknowacka.pl\/index.php\/wp-json\/wp\/v2\/types\/page"}],"author":[{"embeddable":true,"href":"https:\/\/wiolapawliknowacka.pl\/index.php\/wp-json\/wp\/v2\/users\/1"}],"replies":[{"embeddable":true,"href":"https:\/\/wiolapawliknowacka.pl\/index.php\/wp-json\/wp\/v2\/comments?post=53"}],"version-history":[{"count":10,"href":"https:\/\/wiolapawliknowacka.pl\/index.php\/wp-json\/wp\/v2\/pages\/53\/revisions"}],"predecessor-version":[{"id":521,"href":"https:\/\/wiolapawliknowacka.pl\/index.php\/wp-json\/wp\/v2\/pages\/53\/revisions\/521"}],"wp:attachment":[{"href":"https:\/\/wiolapawliknowacka.pl\/index.php\/wp-json\/wp\/v2\/media?parent=53"}],"curies":[{"name":"wp","href":"https:\/\/api.w.org\/{rel}","templated":true}]}}