{"id":47,"date":"2024-03-10T16:58:39","date_gmt":"2024-03-10T16:58:39","guid":{"rendered":"https:\/\/wiolapawliknowacka.pl\/?page_id=47"},"modified":"2024-04-23T08:27:23","modified_gmt":"2024-04-23T08:27:23","slug":"strona-glowna","status":"publish","type":"page","link":"https:\/\/wiolapawliknowacka.pl\/","title":{"rendered":"Strona g\u0142\u00f3wna"},"content":{"rendered":"\t\t<div data-elementor-type=\"wp-page\" data-elementor-id=\"47\" class=\"elementor elementor-47\">\n\t\t\t\t\t\t<section class=\"elementor-section elementor-top-section elementor-element elementor-element-644967b9 elementor-section-content-middle elementor-section-height-min-height elementor-reverse-mobile elementor-section-boxed elementor-section-height-default elementor-section-items-middle\" data-id=\"644967b9\" data-element_type=\"section\" data-settings=\"{&quot;background_background&quot;:&quot;classic&quot;}\">\n\t\t\t\t\t\t\t<div class=\"elementor-background-overlay\"><\/div>\n\t\t\t\t\t\t\t<div class=\"elementor-container elementor-column-gap-wider\">\n\t\t\t\t\t<div class=\"elementor-column elementor-col-50 elementor-top-column elementor-element elementor-element-54a42f6\" data-id=\"54a42f6\" data-element_type=\"column\">\n\t\t\t<div class=\"elementor-widget-wrap elementor-element-populated\">\n\t\t\t\t\t\t<div class=\"elementor-element elementor-element-78e111d7 animated-slow elementor-invisible elementor-widget elementor-widget-image\" data-id=\"78e111d7\" data-element_type=\"widget\" data-settings=\"{&quot;_animation&quot;:&quot;fadeInRight&quot;}\" data-widget_type=\"image.default\">\n\t\t\t\t<div class=\"elementor-widget-container\">\n\t\t\t\t\t\t\t\t\t\t\t\t\t\t\t<img fetchpriority=\"high\" decoding=\"async\" width=\"1587\" height=\"2245\" src=\"https:\/\/wiolapawliknowacka.pl\/wp-content\/uploads\/2024\/03\/Projekt-bez-nazwy-38.png\" class=\"attachment-full size-full wp-image-102\" alt=\"\" srcset=\"https:\/\/wiolapawliknowacka.pl\/wp-content\/uploads\/2024\/03\/Projekt-bez-nazwy-38.png 1587w, https:\/\/wiolapawliknowacka.pl\/wp-content\/uploads\/2024\/03\/Projekt-bez-nazwy-38-212x300.png 212w, https:\/\/wiolapawliknowacka.pl\/wp-content\/uploads\/2024\/03\/Projekt-bez-nazwy-38-724x1024.png 724w, https:\/\/wiolapawliknowacka.pl\/wp-content\/uploads\/2024\/03\/Projekt-bez-nazwy-38-768x1086.png 768w, https:\/\/wiolapawliknowacka.pl\/wp-content\/uploads\/2024\/03\/Projekt-bez-nazwy-38-1086x1536.png 1086w, https:\/\/wiolapawliknowacka.pl\/wp-content\/uploads\/2024\/03\/Projekt-bez-nazwy-38-1448x2048.png 1448w\" sizes=\"(max-width: 1587px) 100vw, 1587px\" \/>\t\t\t\t\t\t\t\t\t\t\t\t\t\t\t<\/div>\n\t\t\t\t<\/div>\n\t\t\t\t\t<\/div>\n\t\t<\/div>\n\t\t\t\t<div class=\"elementor-column elementor-col-50 elementor-top-column elementor-element elementor-element-28edc740\" data-id=\"28edc740\" data-element_type=\"column\">\n\t\t\t<div class=\"elementor-widget-wrap elementor-element-populated\">\n\t\t\t\t\t<div class=\"elementor-background-overlay\"><\/div>\n\t\t\t\t\t\t<div class=\"elementor-element elementor-element-e72272 elementor-widget elementor-widget-heading\" data-id=\"e72272\" data-element_type=\"widget\" data-widget_type=\"heading.default\">\n\t\t\t\t<div class=\"elementor-widget-container\">\n\t\t\t\t\t<h1 class=\"elementor-heading-title elementor-size-default\">Wioleta Pawlik-Nowacka<\/h1>\t\t\t\t<\/div>\n\t\t\t\t<\/div>\n\t\t\t\t<div class=\"elementor-element elementor-element-678009a7 elementor-widget-divider--view-line elementor-widget elementor-widget-divider\" data-id=\"678009a7\" data-element_type=\"widget\" data-widget_type=\"divider.default\">\n\t\t\t\t<div class=\"elementor-widget-container\">\n\t\t\t\t\t\t\t<div class=\"elementor-divider\">\n\t\t\t<span class=\"elementor-divider-separator\">\n\t\t\t\t\t\t<\/span>\n\t\t<\/div>\n\t\t\t\t\t\t<\/div>\n\t\t\t\t<\/div>\n\t\t\t\t<div class=\"elementor-element elementor-element-3384dc20 elementor-widget elementor-widget-text-editor\" data-id=\"3384dc20\" data-element_type=\"widget\" data-widget_type=\"text-editor.default\">\n\t\t\t\t<div class=\"elementor-widget-container\">\n\t\t\t\t\t\t\t\t\t<p>Niez\u0142omna spo\u0142eczniczka, matka, so\u0142tyska, mediator, magister finans\u00f3w i menager organizacji pozarz\u0105dowych.&nbsp;<\/p>\t\t\t\t\t\t\t\t<\/div>\n\t\t\t\t<\/div>\n\t\t\t\t<div class=\"elementor-element elementor-element-65561bae elementor-align-left elementor-mobile-align-justify elementor-widget elementor-widget-button\" data-id=\"65561bae\" data-element_type=\"widget\" data-widget_type=\"button.default\">\n\t\t\t\t<div class=\"elementor-widget-container\">\n\t\t\t\t\t\t\t\t\t<div class=\"elementor-button-wrapper\">\n\t\t\t\t\t<a class=\"elementor-button elementor-button-link elementor-size-md elementor-animation-float\" href=\"https:\/\/wiolapawliknowacka.pl\/index.php\/o-mnie\/\">\n\t\t\t\t\t\t<span class=\"elementor-button-content-wrapper\">\n\t\t\t\t\t\t\t\t\t<span class=\"elementor-button-text\">O mnie<\/span>\n\t\t\t\t\t<\/span>\n\t\t\t\t\t<\/a>\n\t\t\t\t<\/div>\n\t\t\t\t\t\t\t\t<\/div>\n\t\t\t\t<\/div>\n\t\t\t\t\t<\/div>\n\t\t<\/div>\n\t\t\t\t\t<\/div>\n\t\t<\/section>\n\t\t\t\t<section class=\"elementor-section elementor-top-section elementor-element elementor-element-786ee001 elementor-section-boxed elementor-section-height-default elementor-section-height-default\" data-id=\"786ee001\" data-element_type=\"section\" data-settings=\"{&quot;background_background&quot;:&quot;classic&quot;}\">\n\t\t\t\t\t\t\t<div class=\"elementor-background-overlay\"><\/div>\n\t\t\t\t\t\t\t<div class=\"elementor-container elementor-column-gap-default\">\n\t\t\t\t\t<div class=\"elementor-column elementor-col-100 elementor-top-column elementor-element elementor-element-56994999\" data-id=\"56994999\" data-element_type=\"column\">\n\t\t\t<div class=\"elementor-widget-wrap elementor-element-populated\">\n\t\t\t\t\t<div class=\"elementor-background-overlay\"><\/div>\n\t\t\t\t\t\t<section class=\"elementor-section elementor-inner-section elementor-element elementor-element-64123ca1 elementor-section-boxed elementor-section-height-default elementor-section-height-default\" data-id=\"64123ca1\" data-element_type=\"section\">\n\t\t\t\t\t\t<div class=\"elementor-container elementor-column-gap-default\">\n\t\t\t\t\t<div class=\"elementor-column elementor-col-100 elementor-inner-column elementor-element elementor-element-b9d6139\" data-id=\"b9d6139\" data-element_type=\"column\">\n\t\t\t<div class=\"elementor-widget-wrap elementor-element-populated\">\n\t\t\t\t\t\t<div class=\"elementor-element elementor-element-19911a67 elementor-widget__width-initial elementor-widget elementor-widget-spacer\" data-id=\"19911a67\" data-element_type=\"widget\" data-widget_type=\"spacer.default\">\n\t\t\t\t<div class=\"elementor-widget-container\">\n\t\t\t\t\t\t\t<div class=\"elementor-spacer\">\n\t\t\t<div class=\"elementor-spacer-inner\"><\/div>\n\t\t<\/div>\n\t\t\t\t\t\t<\/div>\n\t\t\t\t<\/div>\n\t\t\t\t<div class=\"elementor-element elementor-element-668290a elementor-widget elementor-widget-menu-anchor\" data-id=\"668290a\" data-element_type=\"widget\" data-widget_type=\"menu-anchor.default\">\n\t\t\t\t<div class=\"elementor-widget-container\">\n\t\t\t\t\t\t\t<div class=\"elementor-menu-anchor\" id=\"kontakt\"><\/div>\n\t\t\t\t\t\t<\/div>\n\t\t\t\t<\/div>\n\t\t\t\t<div class=\"elementor-element elementor-element-5ea0461c elementor-widget elementor-widget-heading\" data-id=\"5ea0461c\" data-element_type=\"widget\" data-widget_type=\"heading.default\">\n\t\t\t\t<div class=\"elementor-widget-container\">\n\t\t\t\t\t<h2 class=\"elementor-heading-title elementor-size-default\">Kontakt<\/h2>\t\t\t\t<\/div>\n\t\t\t\t<\/div>\n\t\t\t\t<div class=\"elementor-element elementor-element-2ad7d926 elementor-widget elementor-widget-text-editor\" data-id=\"2ad7d926\" data-element_type=\"widget\" data-widget_type=\"text-editor.default\">\n\t\t\t\t<div class=\"elementor-widget-container\">\n\t\t\t\t\t\t\t\t\t<p>e-mail: wiolapawliknowacka@gmail.com<\/p>\t\t\t\t\t\t\t\t<\/div>\n\t\t\t\t<\/div>\n\t\t\t\t\t<\/div>\n\t\t<\/div>\n\t\t\t\t\t<\/div>\n\t\t<\/section>\n\t\t\t\t<div class=\"elementor-element elementor-element-1f51f346 elementor-widget elementor-widget-spacer\" data-id=\"1f51f346\" data-element_type=\"widget\" data-widget_type=\"spacer.default\">\n\t\t\t\t<div class=\"elementor-widget-container\">\n\t\t\t\t\t\t\t<div class=\"elementor-spacer\">\n\t\t\t<div class=\"elementor-spacer-inner\"><\/div>\n\t\t<\/div>\n\t\t\t\t\t\t<\/div>\n\t\t\t\t<\/div>\n\t\t\t\t\t<\/div>\n\t\t<\/div>\n\t\t\t\t\t<\/div>\n\t\t<\/section>\n\t\t\t\t<\/div>\n\t\t","protected":false},"excerpt":{"rendered":"<p>Wioleta Pawlik-Nowacka Niez\u0142omna spo\u0142eczniczka, matka, so\u0142tyska, mediator, magister finans\u00f3w i menager organizacji pozarz\u0105dowych.&nbsp; O mnie Kontakt e-mail: wiolapawliknowacka@gmail.com<\/p>\n","protected":false},"author":1,"featured_media":0,"parent":0,"menu_order":0,"comment_status":"closed","ping_status":"closed","template":"elementor_header_footer","meta":{"footnotes":""},"_links":{"self":[{"href":"https:\/\/wiolapawliknowacka.pl\/index.php\/wp-json\/wp\/v2\/pages\/47"}],"collection":[{"href":"https:\/\/wiolapawliknowacka.pl\/index.php\/wp-json\/wp\/v2\/pages"}],"about":[{"href":"https:\/\/wiolapawliknowacka.pl\/index.php\/wp-json\/wp\/v2\/types\/page"}],"author":[{"embeddable":true,"href":"https:\/\/wiolapawliknowacka.pl\/index.php\/wp-json\/wp\/v2\/users\/1"}],"replies":[{"embeddable":true,"href":"https:\/\/wiolapawliknowacka.pl\/index.php\/wp-json\/wp\/v2\/comments?post=47"}],"version-history":[{"count":34,"href":"https:\/\/wiolapawliknowacka.pl\/index.php\/wp-json\/wp\/v2\/pages\/47\/revisions"}],"predecessor-version":[{"id":513,"href":"https:\/\/wiolapawliknowacka.pl\/index.php\/wp-json\/wp\/v2\/pages\/47\/revisions\/513"}],"wp:attachment":[{"href":"https:\/\/wiolapawliknowacka.pl\/index.php\/wp-json\/wp\/v2\/media?parent=47"}],"curies":[{"name":"wp","href":"https:\/\/api.w.org\/{rel}","templated":true}]}}